{"id":175,"date":"2024-09-23T16:20:34","date_gmt":"2024-09-23T16:20:34","guid":{"rendered":"https:\/\/gluecksegge.ch\/?page_id=175"},"modified":"2026-01-10T20:09:34","modified_gmt":"2026-01-10T20:09:34","slug":"about","status":"publish","type":"page","link":"https:\/\/gluecksegge.ch\/de\/about\/","title":{"rendered":"\u00dcber Gl\u00fccksegge"},"content":{"rendered":"<p><\/p>\n\n\n\n<p>Der&nbsp;<strong>Gl\u00fccksegge<\/strong>&nbsp;Projekt wurde ins Leben gerufen, um das Auffinden und den Verkauf von Produkten zu erleichtern, die beides sind:<\/p>\n\n\n\n<ol class=\"wp-block-list\">\n<li>Hergestellt in der Schweiz<\/li>\n\n\n\n<li>Hausgemacht und\/oder handgefertigt<\/li>\n<\/ol>\n\n\n\n<p>Wir m\u00f6chten Produzenten und Konsumenten wieder zusammenbringen und Zwischenh\u00e4ndler so weit wie m\u00f6glich ausschalten.<\/p>\n\n\n\n<p>Wir sind davon \u00fcberzeugt, dass die R\u00fcckkehr des Lokalismus und der zwischenmenschlichen Beziehungen in den Kauf und Verkauf von Waren der ges\u00fcndeste, ganzheitliche und nachhaltigste Weg in die Zukunft ist.<\/p>\n\n\n\n<hr class=\"wp-block-separator has-alpha-channel-opacity\"\/>\n\n\n\n<div data-wp-context=\"{ &quot;autoclose&quot;: false, &quot;accordionItems&quot;: [] }\" data-wp-interactive=\"core\/accordion\" role=\"group\" class=\"wp-block-accordion is-layout-flow wp-block-accordion-is-layout-flow\">\n<div data-wp-class--is-open=\"state.isOpen\" data-wp-context=\"{ &quot;id&quot;: &quot;accordion-item-1&quot;, &quot;openByDefault&quot;: false }\" data-wp-init=\"callbacks.initAccordionItems\" data-wp-on-window--hashchange=\"callbacks.hashChange\" class=\"wp-block-accordion-item is-layout-flow wp-block-accordion-item-is-layout-flow\">\n<h3 class=\"wp-block-accordion-heading\"><button aria-expanded=\"false\" aria-controls=\"accordion-item-1-panel\" data-wp-bind--aria-expanded=\"state.isOpen\" data-wp-on--click=\"actions.toggle\" data-wp-on--keydown=\"actions.handleKeyDown\" id=\"accordion-item-1\" class=\"wp-block-accordion-heading__toggle\"><span class=\"wp-block-accordion-heading__toggle-title\">Produzenten auf Gl\u00fccksegge<\/span><span class=\"wp-block-accordion-heading__toggle-icon\" aria-hidden=\"true\">+<\/span><\/button><\/h3>\n\n\n\n<div inert aria-labelledby=\"accordion-item-1\" data-wp-bind--inert=\"!state.isOpen\" id=\"accordion-item-1-panel\" role=\"region\" class=\"wp-block-accordion-panel is-layout-flow wp-block-accordion-panel-is-layout-flow\">\n<p>Ein Produzent auf Gl\u00fccksegge ist jemand, der in der Schweiz zu Hause und\/oder in Handarbeit Produkte herstellt. Als Produzentin oder Produzent k\u00f6nnen Sie auf dieser Plattform f\u00fcr Ihre Produkte werben.<br>Jeder Produzent auf Gl\u00fccksegge hat einen \u00dcberpr\u00fcfungsprozess durchlaufen \u2013 wir legen grossen Wert darauf, sicherzustellen, dass sowohl die Produzenten als auch die Produkte auf Gl\u00fccksegge legitim sind.<\/p>\n<\/div>\n<\/div>\n<\/div>\n\n\n\n<div data-wp-context=\"{ &quot;autoclose&quot;: false, &quot;accordionItems&quot;: [] }\" data-wp-interactive=\"core\/accordion\" role=\"group\" class=\"wp-block-accordion is-layout-flow wp-block-accordion-is-layout-flow\">\n<div data-wp-class--is-open=\"state.isOpen\" data-wp-context=\"{ &quot;id&quot;: &quot;accordion-item-2&quot;, &quot;openByDefault&quot;: false }\" data-wp-init=\"callbacks.initAccordionItems\" data-wp-on-window--hashchange=\"callbacks.hashChange\" class=\"wp-block-accordion-item is-layout-flow wp-block-accordion-item-is-layout-flow\">\n<h3 class=\"wp-block-accordion-heading\"><button aria-expanded=\"false\" aria-controls=\"accordion-item-2-panel\" data-wp-bind--aria-expanded=\"state.isOpen\" data-wp-on--click=\"actions.toggle\" data-wp-on--keydown=\"actions.handleKeyDown\" id=\"accordion-item-2\" class=\"wp-block-accordion-heading__toggle\"><span class=\"wp-block-accordion-heading__toggle-title\">Herstellerregistrierung<\/span><span class=\"wp-block-accordion-heading__toggle-icon\" aria-hidden=\"true\">+<\/span><\/button><\/h3>\n\n\n\n<div inert aria-labelledby=\"accordion-item-2\" data-wp-bind--inert=\"!state.isOpen\" id=\"accordion-item-2-panel\" role=\"region\" class=\"wp-block-accordion-panel is-layout-flow wp-block-accordion-panel-is-layout-flow\">\n<ol class=\"wp-block-list\">\n<li>Anmeldung bei Gl\u00fccksegge\n<ul class=\"wp-block-list\">\n<li>Dabei wird ein regul\u00e4res Benutzerkonto erstellt, mit dem Sie Online-Bestellungen durchf\u00fchren k\u00f6nnen.<\/li>\n<\/ul>\n<\/li>\n\n\n\n<li>Neuen Eintrag erstellen\n<ul class=\"wp-block-list\">\n<li>Wenn Sie dies noch nicht getan haben, werden Sie aufgefordert, die Einrichtung Ihres Kontoprofils abzuschliessen. Denken Sie daran, dass dies Ihr Produzentenprofil sein wird. Verwenden Sie Ihre echte Adresse, da diese zur Adress\u00fcberpr\u00fcfung verwendet wird (siehe Abschnitt \u201eProduzenten\u00fcberpr\u00fcfungsprozess\u201c weiter unten).<\/li>\n\n\n\n<li>Nachdem Sie die Einrichtung Ihres Profils abgeschlossen haben, m\u00fcssen Sie Ihren ersten Eintrag erstellen.\n<ul class=\"wp-block-list\">\n<li><strong>Anmerkung:<\/strong> Auch wenn Sie keine Produktlisten verwenden m\u00f6chten, m\u00fcssen Sie eine erste Liste erstellen, um den Registrierungsprozess f\u00fcr Produzenten abzuschliessen. F\u00fcllen Sie einfach den Titel des Eintrags mit etwas wie \u201cProduzentenregistrierung\u201d aus und f\u00fcllen Sie die restlichen erforderlichen Felder des Eintrags mit zuf\u00e4lligen Angaben aus. Wir werden diesen Eintrag l\u00f6schen, sobald die \u00dcberpr\u00fcfung des Produzenten abgeschlossen ist.<\/li>\n<\/ul>\n<\/li>\n\n\n\n<li>Sobald die erste Auflistung \u00fcbermittelt wurde, beginnen wir mit der Herstellerpr\u00fcfung. (Einzelheiten finden Sie im n\u00e4chsten Abschnitt.)<\/li>\n<\/ul>\n<\/li>\n<\/ol>\n<\/div>\n<\/div>\n<\/div>\n\n\n\n<div data-wp-context=\"{ &quot;autoclose&quot;: false, &quot;accordionItems&quot;: [] }\" data-wp-interactive=\"core\/accordion\" role=\"group\" class=\"wp-block-accordion is-layout-flow wp-block-accordion-is-layout-flow\">\n<div data-wp-class--is-open=\"state.isOpen\" data-wp-context=\"{ &quot;id&quot;: &quot;accordion-item-3&quot;, &quot;openByDefault&quot;: false }\" data-wp-init=\"callbacks.initAccordionItems\" data-wp-on-window--hashchange=\"callbacks.hashChange\" class=\"wp-block-accordion-item is-layout-flow wp-block-accordion-item-is-layout-flow\">\n<h3 class=\"wp-block-accordion-heading\"><button aria-expanded=\"false\" aria-controls=\"accordion-item-3-panel\" data-wp-bind--aria-expanded=\"state.isOpen\" data-wp-on--click=\"actions.toggle\" data-wp-on--keydown=\"actions.handleKeyDown\" id=\"accordion-item-3\" class=\"wp-block-accordion-heading__toggle\"><span class=\"wp-block-accordion-heading__toggle-title\">\u00dcberpr\u00fcfungsprozess des Produzenten<\/span><span class=\"wp-block-accordion-heading__toggle-icon\" aria-hidden=\"true\">+<\/span><\/button><\/h3>\n\n\n\n<div inert aria-labelledby=\"accordion-item-3\" data-wp-bind--inert=\"!state.isOpen\" id=\"accordion-item-3-panel\" role=\"region\" class=\"wp-block-accordion-panel is-layout-flow wp-block-accordion-panel-is-layout-flow\">\n<ol class=\"wp-block-list\">\n<li>\u00dcberpr\u00fcfung der physischen Adresse\n<ul class=\"wp-block-list\">\n<li>An die Adresse, mit der der Produzent sein Gl\u00fccksegge-Konto registriert hat, wird ein Brief mit einem 6-stelligen Code gesendet.<\/li>\n\n\n\n<li>Nach Erhalt wird der Produzent den Code per E-Mail an Gl\u00fccksegge senden.<\/li>\n<\/ul>\n<\/li>\n\n\n\n<li>Produktions\u00fcberpr\u00fcfung\n<ul class=\"wp-block-list\">\n<li>Erstellen Sie ein kurzes Video (maximal 1 Minute) mit folgendem Inhalt:\n<ul class=\"wp-block-list\">\n<li>Selbstvorstellung (das Video muss das Gesicht des Produzenten w\u00e4hrend seiner Rede zeigen)<\/li>\n\n\n\n<li>Der Produktionsbereich, in dem Ihr Hauptprodukt hergestellt wird<\/li>\n\n\n\n<li>Beispiel #1\n<ul class=\"wp-block-list\">\n<li>Hauptproduktkategorie: Mode<\/li>\n\n\n\n<li>Hauptprodukt: Kissenbez\u00fcge<\/li>\n\n\n\n<li>Zeigen Sie uns Ihren N\u00e4hbereich und Ihre Ausr\u00fcstung<\/li>\n<\/ul>\n<\/li>\n\n\n\n<li>Beispiel #2\n<ul class=\"wp-block-list\">\n<li>Hauptproduktkategorie: Haushalt<\/li>\n\n\n\n<li>Hauptprodukt: K\u00fcchenschneidebretter<\/li>\n\n\n\n<li>Zeigen Sie uns Ihre Tischlerei und Ausstattung<\/li>\n<\/ul>\n<\/li>\n<\/ul>\n<\/li>\n\n\n\n<li>Wir senden Ihnen einen privaten Link\/eine URL, wohin Sie den Videoclip hochladen k\u00f6nnen.<\/li>\n\n\n\n<li>Falls gew\u00fcnscht, kann dieser Verifizierungsschritt auch per Videoanruf durchgef\u00fchrt werden.<\/li>\n<\/ul>\n<\/li>\n<\/ol>\n<\/div>\n<\/div>\n<\/div>\n\n\n\n<div data-wp-context=\"{ &quot;autoclose&quot;: false, &quot;accordionItems&quot;: [] }\" data-wp-interactive=\"core\/accordion\" role=\"group\" class=\"wp-block-accordion is-layout-flow wp-block-accordion-is-layout-flow\">\n<div data-wp-class--is-open=\"state.isOpen\" data-wp-context=\"{ &quot;id&quot;: &quot;accordion-item-4&quot;, &quot;openByDefault&quot;: false }\" data-wp-init=\"callbacks.initAccordionItems\" data-wp-on-window--hashchange=\"callbacks.hashChange\" class=\"wp-block-accordion-item is-layout-flow wp-block-accordion-item-is-layout-flow\">\n<h3 class=\"wp-block-accordion-heading\"><button aria-expanded=\"false\" aria-controls=\"accordion-item-4-panel\" data-wp-bind--aria-expanded=\"state.isOpen\" data-wp-on--click=\"actions.toggle\" data-wp-on--keydown=\"actions.handleKeyDown\" id=\"accordion-item-4\" class=\"wp-block-accordion-heading__toggle\"><span class=\"wp-block-accordion-heading__toggle-title\">Warum \u201eProduzent\u201c und nicht \u201eVerk\u00e4ufer\u201c oder \u201eAnbieter\u201c?<\/span><span class=\"wp-block-accordion-heading__toggle-icon\" aria-hidden=\"true\">+<\/span><\/button><\/h3>\n\n\n\n<div inert aria-labelledby=\"accordion-item-4\" data-wp-bind--inert=\"!state.isOpen\" id=\"accordion-item-4-panel\" role=\"region\" class=\"wp-block-accordion-panel is-layout-flow wp-block-accordion-panel-is-layout-flow\">\n<p>Ein \u2018Verk\u00e4ufer\u2019 oder \u2018Anbieter\u2019 ist nicht unbedingt der Produzent. In der Tat sind die meisten Verk\u00e4ufer heutzutage nicht die Produzenten - sie verkaufen nur, was andere produziert haben - oft aus Tausenden von Kilometern Entfernung.<\/p>\n<\/div>\n<\/div>\n<\/div>\n\n\n\n<div data-wp-context=\"{ &quot;autoclose&quot;: false, &quot;accordionItems&quot;: [] }\" data-wp-interactive=\"core\/accordion\" role=\"group\" class=\"wp-block-accordion is-layout-flow wp-block-accordion-is-layout-flow\">\n<div data-wp-class--is-open=\"state.isOpen\" data-wp-context=\"{ &quot;id&quot;: &quot;accordion-item-5&quot;, &quot;openByDefault&quot;: false }\" data-wp-init=\"callbacks.initAccordionItems\" data-wp-on-window--hashchange=\"callbacks.hashChange\" class=\"wp-block-accordion-item is-layout-flow wp-block-accordion-item-is-layout-flow\">\n<h3 class=\"wp-block-accordion-heading\"><button aria-expanded=\"false\" aria-controls=\"accordion-item-5-panel\" data-wp-bind--aria-expanded=\"state.isOpen\" data-wp-on--click=\"actions.toggle\" data-wp-on--keydown=\"actions.handleKeyDown\" id=\"accordion-item-5\" class=\"wp-block-accordion-heading__toggle\"><span class=\"wp-block-accordion-heading__toggle-title\">Produzentenprofil vs. Produktlistings auf Gl\u00fccksegge<\/span><span class=\"wp-block-accordion-heading__toggle-icon\" aria-hidden=\"true\">+<\/span><\/button><\/h3>\n\n\n\n<div inert aria-labelledby=\"accordion-item-5\" data-wp-bind--inert=\"!state.isOpen\" id=\"accordion-item-5-panel\" role=\"region\" class=\"wp-block-accordion-panel is-layout-flow wp-block-accordion-panel-is-layout-flow\">\n<p>Gl\u00fccksegge erf\u00fcllt zwei Aufgaben gleichzeitig:<\/p>\n\n\n\n<ol class=\"wp-block-list\">\n<li>Ein Online-Verzeichnis f\u00fcr Hersteller von Schweizer Heim-\/Handarbeitsprodukten<\/li>\n\n\n\n<li>Eine Online-Kleinanzeige f\u00fcr die Produkte dieser Hersteller<\/li>\n<\/ol>\n\n\n\n<p>Sobald Sie als Produzent zugelassen wurden, k\u00f6nnen Sie entweder einzelne Produktlisten erstellen oder einfach Ihr Produzentenprofil mit allgemeinen Informationen zu den von Ihnen angebotenen Produktarten ver\u00f6ffentlichen.<\/p>\n\n\n\n<ul class=\"wp-block-list\">\n<li>Produzentenprofil\n<ul class=\"wp-block-list\">\n<li>Nehmen wir an, ein Produzent stellt Bilderrahmen aus Holz her und m\u00f6chte keine individuellen Eintr\u00e4ge f\u00fcr seine Produkte erstellen. In diesem Fall kann der Hersteller einfach Informationen \u00fcber seine Produkte in das Feld \u2018Profilinfo\u2019 seines Gl\u00fccksegge-Kontoprofils eingeben.<\/li>\n\n\n\n<li>Auf Gl\u00fccksegge werden Hersteller aufgelistet und k\u00f6nnen \u00e4hnlich wie bei Produktlisten durchsucht werden.<\/li>\n<\/ul>\n<\/li>\n\n\n\n<li>Produktlistings\n<ul class=\"wp-block-list\">\n<li>M\u00f6chte der Hersteller von Holzbilderrahmen hingegen eine Auflistung seiner Produkte erstellen, kann er dies auf unterschiedliche Weise tun.\n<ul class=\"wp-block-list\">\n<li>Eine Auflistung pro Produkt\n<ul class=\"wp-block-list\">\n<li>Dies ist die g\u00e4ngigste Methode zum Erstellen von Listen. Ein Hersteller erstellt f\u00fcr jeden Bilderrahmentyp, den er produziert, eine separate Liste. Auf diese Weise kann der Hersteller dem Verbraucher sehr detaillierte Informationen zu einem bestimmten Produkt pr\u00e4sentieren.<\/li>\n<\/ul>\n<\/li>\n<\/ul>\n<\/li>\n\n\n\n<li>Eine Auflistung f\u00fcr mehrere Produkte\n<ul class=\"wp-block-list\">\n<li>Eine weitere M\u00f6glichkeit besteht darin, eine Liste f\u00fcr mehrere Produkte zu erstellen. Nehmen wir an, der Hersteller hat Bilderrahmen aus Birkenholz und andere Rahmen aus Eiche. Er k\u00f6nnte eine Liste f\u00fcr die Birkenrahmen und eine andere f\u00fcr die Eichenrahmen erstellen.<\/li>\n<\/ul>\n<\/li>\n<\/ul>\n<\/li>\n<\/ul>\n<\/div>\n<\/div>\n<\/div>\n\n\n\n<div data-wp-context=\"{ &quot;autoclose&quot;: false, &quot;accordionItems&quot;: [] }\" data-wp-interactive=\"core\/accordion\" role=\"group\" class=\"wp-block-accordion is-layout-flow wp-block-accordion-is-layout-flow\">\n<div data-wp-class--is-open=\"state.isOpen\" data-wp-context=\"{ &quot;id&quot;: &quot;accordion-item-6&quot;, &quot;openByDefault&quot;: false }\" data-wp-init=\"callbacks.initAccordionItems\" data-wp-on-window--hashchange=\"callbacks.hashChange\" class=\"wp-block-accordion-item is-layout-flow wp-block-accordion-item-is-layout-flow\">\n<h3 class=\"wp-block-accordion-heading\"><button aria-expanded=\"false\" aria-controls=\"accordion-item-6-panel\" data-wp-bind--aria-expanded=\"state.isOpen\" data-wp-on--click=\"actions.toggle\" data-wp-on--keydown=\"actions.handleKeyDown\" id=\"accordion-item-6\" class=\"wp-block-accordion-heading__toggle\"><span class=\"wp-block-accordion-heading__toggle-title\">Die Vorteile von Listings<\/span><span class=\"wp-block-accordion-heading__toggle-icon\" aria-hidden=\"true\">+<\/span><\/button><\/h3>\n\n\n\n<div inert aria-labelledby=\"accordion-item-6\" data-wp-bind--inert=\"!state.isOpen\" id=\"accordion-item-6-panel\" role=\"region\" class=\"wp-block-accordion-panel is-layout-flow wp-block-accordion-panel-is-layout-flow\">\n<p>Auch wenn das Erstellen und Verwalten von Eintr\u00e4gen etwas Zeit und M\u00fche kostet, sind wir der Meinung, dass es sich letztlich lohnt, da es das Erlebnis des Verbrauchers bereichert und ihm eine klarere Vorstellung davon gibt, wie die Produkte aussehen und\/oder was er erwarten kann.<\/p>\n<\/div>\n<\/div>\n<\/div>\n\n\n\n<div data-wp-context=\"{ &quot;autoclose&quot;: false, &quot;accordionItems&quot;: [] }\" data-wp-interactive=\"core\/accordion\" role=\"group\" class=\"wp-block-accordion is-layout-flow wp-block-accordion-is-layout-flow\">\n<div data-wp-class--is-open=\"state.isOpen\" data-wp-context=\"{ &quot;id&quot;: &quot;accordion-item-7&quot;, &quot;openByDefault&quot;: false }\" data-wp-init=\"callbacks.initAccordionItems\" data-wp-on-window--hashchange=\"callbacks.hashChange\" class=\"wp-block-accordion-item is-layout-flow wp-block-accordion-item-is-layout-flow\">\n<h3 class=\"wp-block-accordion-heading\"><button aria-expanded=\"false\" aria-controls=\"accordion-item-7-panel\" data-wp-bind--aria-expanded=\"state.isOpen\" data-wp-on--click=\"actions.toggle\" data-wp-on--keydown=\"actions.handleKeyDown\" id=\"accordion-item-7\" class=\"wp-block-accordion-heading__toggle\"><span class=\"wp-block-accordion-heading__toggle-title\">Online bestellen vs. Online kaufen<\/span><span class=\"wp-block-accordion-heading__toggle-icon\" aria-hidden=\"true\">+<\/span><\/button><\/h3>\n\n\n\n<div inert aria-labelledby=\"accordion-item-7\" data-wp-bind--inert=\"!state.isOpen\" id=\"accordion-item-7-panel\" role=\"region\" class=\"wp-block-accordion-panel is-layout-flow wp-block-accordion-panel-is-layout-flow\">\n<p>Einer der grossen Vorteile bei der Erstellung von Angeboten besteht darin, dass Kunden das Produkt \u00fcber die Gl\u00fccksegge-Plattform direkt beim Hersteller bestellen k\u00f6nnen.<br>Der Ablauf ist wie folgt:<\/p>\n\n\n\n<ol class=\"wp-block-list\">\n<li>Der Produzent erstellt eine Liste mit\n<ul class=\"wp-block-list\">\n<li>Die &#039;<strong><em>Preis \u2013 f\u00fcr Artikel, die online bestellt werden k\u00f6nnen<\/em><\/strong>&#039; Feld ausgef\u00fcllt<\/li>\n\n\n\n<li>Die &#039;<strong><em>Menge<\/em><\/strong>&#039; Feld ausgef\u00fcllt<\/li>\n\n\n\n<li>Die &#039;<strong><em>Online bestellen<\/em><\/strong>&#039; Option gesetzt auf &#039;<strong><em>Ja<\/em><\/strong>\u2018.<\/li>\n<\/ul>\n<\/li>\n\n\n\n<li>Der Kunde besucht die Liste, w\u00e4hlt die gew\u00fcnschte Liefer-\/Abholmethode aus und klickt auf \u201e<strong><em>Jetzt bestellen<\/em><\/strong>&#039; Taste.<\/li>\n\n\n\n<li>Der Produzent wird \u00fcber die neue Bestellung benachrichtigt und nimmt Kontakt mit dem Kunden auf, um Zahlung und Lieferung\/Abholung zu vereinbaren.<\/li>\n<\/ol>\n\n\n\n<p>WICHTIG: Gl\u00fccksegge wickelt die finanziellen Transaktionen zwischen Produzent und Kunde nicht ab, sondern direkt zwischen ihnen. Aus diesem Grund verwenden wir das Wort \u2018Bestellung\u2019 und nicht \u2018Kauf\u2019.<\/p>\n<\/div>\n<\/div>\n<\/div>\n\n\n\n<div data-wp-context=\"{ &quot;autoclose&quot;: false, &quot;accordionItems&quot;: [] }\" data-wp-interactive=\"core\/accordion\" role=\"group\" class=\"wp-block-accordion is-layout-flow wp-block-accordion-is-layout-flow\">\n<div data-wp-class--is-open=\"state.isOpen\" data-wp-context=\"{ &quot;id&quot;: &quot;accordion-item-8&quot;, &quot;openByDefault&quot;: false }\" data-wp-init=\"callbacks.initAccordionItems\" data-wp-on-window--hashchange=\"callbacks.hashChange\" class=\"wp-block-accordion-item is-layout-flow wp-block-accordion-item-is-layout-flow\">\n<h3 class=\"wp-block-accordion-heading\"><button aria-expanded=\"false\" aria-controls=\"accordion-item-8-panel\" data-wp-bind--aria-expanded=\"state.isOpen\" data-wp-on--click=\"actions.toggle\" data-wp-on--keydown=\"actions.handleKeyDown\" id=\"accordion-item-8\" class=\"wp-block-accordion-heading__toggle\"><span class=\"wp-block-accordion-heading__toggle-title\">Suchen<\/span><span class=\"wp-block-accordion-heading__toggle-icon\" aria-hidden=\"true\">+<\/span><\/button><\/h3>\n\n\n\n<div inert aria-labelledby=\"accordion-item-8\" data-wp-bind--inert=\"!state.isOpen\" id=\"accordion-item-8-panel\" role=\"region\" class=\"wp-block-accordion-panel is-layout-flow wp-block-accordion-panel-is-layout-flow\">\n<p>Sowohl Hersteller als auch Produkte k\u00f6nnen nach Name und Standort durchsucht werden.<\/p>\n\n\n\n<p>Produzent &#039;<strong><em>Profilinformationen<\/em><\/strong>&#039; und Produkt &#039;<strong><em>Beschreibung<\/em><\/strong>&#039; sind ebenfalls durchsuchbar.<\/p>\n<\/div>\n<\/div>\n<\/div>\n\n\n\n<h2 class=\"wp-block-heading\">Kontaktieren Sie uns<\/h2>\n\n\n\n<div class=\"wpcf7 no-js\" id=\"wpcf7-f350-o1\" lang=\"en-US\" dir=\"ltr\" data-wpcf7-id=\"350\">\n<div class=\"screen-reader-response\"><p role=\"status\" aria-live=\"polite\" aria-atomic=\"true\"><\/p> <ul><\/ul><\/div>\n<form action=\"\/de\/wp-json\/wp\/v2\/pages\/175#wpcf7-f350-o1\" method=\"post\" class=\"wpcf7-form init\" aria-label=\"Kontaktformular\" novalidate=\"novalidate\" data-status=\"init\" data-trp-original-action=\"\/de\/wp-json\/wp\/v2\/pages\/175#wpcf7-f350-o1\">\n<fieldset class=\"hidden-fields-container\"><input type=\"hidden\" name=\"_wpcf7\" value=\"350\" \/><input type=\"hidden\" name=\"_wpcf7_version\" value=\"6.1.5\" \/><input type=\"hidden\" name=\"_wpcf7_locale\" value=\"en_US\" \/><input type=\"hidden\" name=\"_wpcf7_unit_tag\" value=\"wpcf7-f350-o1\" \/><input type=\"hidden\" name=\"_wpcf7_container_post\" value=\"0\" \/><input type=\"hidden\" name=\"_wpcf7_posted_data_hash\" value=\"\" \/><input type=\"hidden\" name=\"_wpcf7_recaptcha_response\" value=\"\" \/>\n<\/fieldset>\n<p><label> Ihr Name<br \/>\n<span class=\"wpcf7-form-control-wrap\" data-name=\"your-name\"><input size=\"40\" maxlength=\"400\" class=\"wpcf7-form-control wpcf7-text wpcf7-validates-as-required\" autocomplete=\"name\" aria-required=\"true\" aria-invalid=\"false\" value=\"\" type=\"text\" name=\"your-name\" \/><\/span> <\/label>\n<\/p>\n<p><label> Ihre E-Mail<br \/>\n<span class=\"wpcf7-form-control-wrap\" data-name=\"your-email\"><input size=\"40\" maxlength=\"400\" class=\"wpcf7-form-control wpcf7-email wpcf7-validates-as-required wpcf7-text wpcf7-validates-as-email\" autocomplete=\"email\" aria-required=\"true\" aria-invalid=\"false\" value=\"\" type=\"email\" name=\"your-email\" \/><\/span> <\/label>\n<\/p>\n<p><label> Thema<br \/>\n<span class=\"wpcf7-form-control-wrap\" data-name=\"your-subject\"><input size=\"40\" maxlength=\"400\" class=\"wpcf7-form-control wpcf7-text wpcf7-validates-as-required\" aria-required=\"true\" aria-invalid=\"false\" value=\"\" type=\"text\" name=\"your-subject\" \/><\/span> <\/label>\n<\/p>\n<p><label> Ihre Nachricht (optional)<br \/>\n<span class=\"wpcf7-form-control-wrap\" data-name=\"your-message\"><textarea cols=\"40\" rows=\"10\" maxlength=\"2000\" class=\"wpcf7-form-control wpcf7-textarea\" aria-invalid=\"false\" name=\"your-message\"><\/textarea><\/span> <\/label>\n<\/p>\n<p><input class=\"wpcf7-form-control wpcf7-submit has-spinner\" type=\"submit\" value=\"Einreichen\" \/>\n<\/p><div class=\"wpcf7-response-output\" aria-hidden=\"true\"><\/div>\n<input type=\"hidden\" name=\"trp-form-language\" value=\"de\"\/><\/form>\n<\/div>","protected":false},"excerpt":{"rendered":"<p>Der&nbsp;Gl\u00fccksegge&nbsp;Projekt wurde ins Leben gerufen, um das Auffinden und den Verkauf von Produkten zu erleichtern, die beides sind: Wir m\u00f6chten Produzenten und Konsumenten wieder zusammenbringen und Zwischenh\u00e4ndler so weit wie m\u00f6glich ausschalten. Wir sind davon \u00fcberzeugt, dass die R\u00fcckkehr des Lokalismus und der zwischenmenschlichen Beziehungen in den Kauf und Verkauf von Waren der ges\u00fcndeste, ganzheitliche [&hellip;]<\/p>\n","protected":false},"author":1,"featured_media":0,"parent":0,"menu_order":0,"comment_status":"closed","ping_status":"closed","template":"","meta":{"footnotes":""},"class_list":["post-175","page","type-page","status-publish","hentry"],"_links":{"self":[{"href":"https:\/\/gluecksegge.ch\/de\/wp-json\/wp\/v2\/pages\/175","targetHints":{"allow":["GET"]}}],"collection":[{"href":"https:\/\/gluecksegge.ch\/de\/wp-json\/wp\/v2\/pages"}],"about":[{"href":"https:\/\/gluecksegge.ch\/de\/wp-json\/wp\/v2\/types\/page"}],"author":[{"embeddable":true,"href":"https:\/\/gluecksegge.ch\/de\/wp-json\/wp\/v2\/users\/1"}],"replies":[{"embeddable":true,"href":"https:\/\/gluecksegge.ch\/de\/wp-json\/wp\/v2\/comments?post=175"}],"version-history":[{"count":39,"href":"https:\/\/gluecksegge.ch\/de\/wp-json\/wp\/v2\/pages\/175\/revisions"}],"predecessor-version":[{"id":488,"href":"https:\/\/gluecksegge.ch\/de\/wp-json\/wp\/v2\/pages\/175\/revisions\/488"}],"wp:attachment":[{"href":"https:\/\/gluecksegge.ch\/de\/wp-json\/wp\/v2\/media?parent=175"}],"curies":[{"name":"wp","href":"https:\/\/api.w.org\/{rel}","templated":true}]}}